{"id":69,"date":"2020-08-10T08:56:49","date_gmt":"2020-08-10T08:56:49","guid":{"rendered":"https:\/\/demo2wpopal.b-cdn.net\/freshio\/about-us\/"},"modified":"2023-09-26T07:14:18","modified_gmt":"2023-09-26T07:14:18","slug":"presentation","status":"publish","type":"page","link":"https:\/\/convest-immobilier.com\/djeouadi\/presentation\/","title":{"rendered":"Pr\u00e9sentation"},"content":{"rendered":"\t\t<div data-elementor-type=\"wp-page\" data-elementor-id=\"69\" class=\"elementor elementor-69\" data-elementor-post-type=\"page\">\n\t\t\t\t\t\t\t\t\t<div class=\"elementor-section elementor-top-section elementor-element elementor-element-70947e2 elementor-section-stretched elementor-section-content-middle elementor-section-boxed elementor-section-height-default elementor-section-height-default\" data-id=\"70947e2\" data-element_type=\"section\" data-settings=\"{&quot;stretch_section&quot;:&quot;section-stretched&quot;}\">\n\t\t\t\t\t\t<div class=\"elementor-container elementor-column-gap-no\">\n\t\t\t\t\t<div class=\"elementor-column elementor-col-50 elementor-top-column elementor-element elementor-element-57eb1f4\" data-id=\"57eb1f4\" data-element_type=\"column\">\n\t\t\t<div class=\"elementor-widget-wrap elementor-element-populated\">\n\t\t\t\t\t\t\t\t<div class=\"elementor-element elementor-element-411922c elementor-widget elementor-widget-image\" data-id=\"411922c\" data-element_type=\"widget\" data-widget_type=\"image.default\">\n\t\t\t\t<div class=\"elementor-widget-container\">\n\t\t\t\t\t\t\t\t\t\t\t\t\t\t\t<img loading=\"lazy\" decoding=\"async\" width=\"572\" height=\"705\" src=\"https:\/\/convest-immobilier.com\/djeouadi\/wp-content\/uploads\/2023\/09\/about-image.jpg\" class=\"attachment-full size-full wp-image-7198\" alt=\"\" srcset=\"https:\/\/convest-immobilier.com\/djeouadi\/wp-content\/uploads\/2023\/09\/about-image.jpg 572w, https:\/\/convest-immobilier.com\/djeouadi\/wp-content\/uploads\/2023\/09\/about-image-243x300.jpg 243w\" sizes=\"auto, (max-width: 572px) 100vw, 572px\" \/>\t\t\t\t\t\t\t\t\t\t\t\t\t\t\t<\/div>\n\t\t\t\t<\/div>\n\t\t\t\t\t<\/div>\n\t\t<\/div>\n\t\t\t\t<div class=\"elementor-column elementor-col-50 elementor-top-column elementor-element elementor-element-2b2a6c7\" data-id=\"2b2a6c7\" data-element_type=\"column\">\n\t\t\t<div class=\"elementor-widget-wrap elementor-element-populated\">\n\t\t\t\t\t\t\t\t<div class=\"elementor-element elementor-element-0e5513d elementor-widget elementor-widget-text-editor\" data-id=\"0e5513d\" data-element_type=\"widget\" data-widget_type=\"text-editor.default\">\n\t\t\t\t<div class=\"elementor-widget-container\">\n\t\t\t\t\t\t\t<div class=\"flex-1 overflow-hidden\">\n<div class=\"react-scroll-to-bottom--css-czazl-79elbk h-full dark:bg-gray-800\">\n<div class=\"react-scroll-to-bottom--css-czazl-1n7m0yu\">\n<div class=\"flex flex-col text-sm dark:bg-gray-800\">\n<div class=\"group w-full text-token-text-primary border-b border-black\/10 gizmo:border-0 dark:border-gray-900\/50 gizmo:dark:border-0 bg-gray-50 gizmo:bg-transparent dark:bg-[#444654] gizmo:dark:bg-transparent\" data-testid=\"conversation-turn-3\">\n<div class=\"p-4 justify-center text-base md:gap-6 md:py-6 m-auto\">\n<div class=\"flex flex-1 gap-4 text-base mx-auto md:gap-6 md:max-w-2xl lg:max-w-[38rem] xl:max-w-3xl }\">\n<div class=\"relative flex w-[calc(100%-50px)] flex-col gap-1 md:gap-3 lg:w-[calc(100%-115px)]\">\n<div class=\"flex flex-grow flex-col gap-3 max-w-full\">\n<div class=\"min-h-[20px] flex flex-col items-start gap-3 overflow-x-auto whitespace-pre-wrap break-words\">\n<div class=\"markdown prose w-full break-words dark:prose-invert light\">\n<h2>\u00c0 Propos de Djouadi<\/h2>\n<p>Bienvenue chez Djouadi, une entreprise alg\u00e9rienne renomm\u00e9e sp\u00e9cialis\u00e9e dans la fabrication d&#8217;ustensiles m\u00e9nagers de haute qualit\u00e9. Depuis notre fondation, notre engagement envers l&#8217;excellence, l&#8217;innovation et la satisfaction du client a \u00e9t\u00e9 au c\u0153ur de notre r\u00e9ussite.<\/p>\n<h2>Notre Histoire<\/h2>\n<p>Fond\u00e9e il y a 10 ans \u00e0 Alger, Djouadi a \u00e9volu\u00e9 pour devenir un acteur majeur dans le secteur de la fabrication d&#8217;ustensiles m\u00e9nagers en Alg\u00e9rie. Notre parcours est marqu\u00e9 par une croissance constante, guid\u00e9e par notre d\u00e9vouement \u00e0 offrir des produits de qualit\u00e9 sup\u00e9rieure \u00e0 nos clients.<\/p>\n<h2>Notre Mission<\/h2>\n<p><strong>Djouadi<\/strong> a pour mission de simplifier la vie quotidienne de nos clients en concevant et en produisant des ustensiles m\u00e9nagers fonctionnels, durables et esth\u00e9tiquement plaisants. Nous nous effor\u00e7ons de r\u00e9pondre aux besoins vari\u00e9s de nos clients en leur offrant des solutions fiables et innovantes pour leurs besoins culinaires.<\/p>\n<\/div>\n<\/div>\n<\/div>\n<\/div>\n<\/div>\n<\/div>\n<\/div>\n<\/div>\n<\/div>\n<\/div>\n<\/div>\t\t\t\t\t\t<\/div>\n\t\t\t\t<\/div>\n\t\t\t\t\t<\/div>\n\t\t<\/div>\n\t\t\t\t\t\t\t<\/div>\n\t\t<\/div>\n\t\t\t\t\t\t\t<\/div>\n\t\t","protected":false},"excerpt":{"rendered":"<p>\u00c0 Propos de Djouadi Bienvenue chez Djouadi, une entreprise alg\u00e9rienne renomm\u00e9e sp\u00e9cialis\u00e9e dans la fabrication d&#8217;ustensiles m\u00e9nagers de haute qualit\u00e9. Depuis notre fondation, notre engagement envers l&#8217;excellence, l&#8217;innovation et la satisfaction du client a \u00e9t\u00e9 au c\u0153ur de notre r\u00e9ussite. Notre Histoire Fond\u00e9e il y a 10 ans \u00e0 Alger, Djouadi a \u00e9volu\u00e9 pour devenir [&hellip;]<\/p>\n","protected":false},"author":1,"featured_media":0,"parent":0,"menu_order":0,"comment_status":"closed","ping_status":"closed","template":"","meta":{"inline_featured_image":false,"footnotes":""},"class_list":["post-69","page","type-page","status-publish","hentry"],"_links":{"self":[{"href":"https:\/\/convest-immobilier.com\/djeouadi\/wp-json\/wp\/v2\/pages\/69","targetHints":{"allow":["GET"]}}],"collection":[{"href":"https:\/\/convest-immobilier.com\/djeouadi\/wp-json\/wp\/v2\/pages"}],"about":[{"href":"https:\/\/convest-immobilier.com\/djeouadi\/wp-json\/wp\/v2\/types\/page"}],"author":[{"embeddable":true,"href":"https:\/\/convest-immobilier.com\/djeouadi\/wp-json\/wp\/v2\/users\/1"}],"replies":[{"embeddable":true,"href":"https:\/\/convest-immobilier.com\/djeouadi\/wp-json\/wp\/v2\/comments?post=69"}],"version-history":[{"count":10,"href":"https:\/\/convest-immobilier.com\/djeouadi\/wp-json\/wp\/v2\/pages\/69\/revisions"}],"predecessor-version":[{"id":7204,"href":"https:\/\/convest-immobilier.com\/djeouadi\/wp-json\/wp\/v2\/pages\/69\/revisions\/7204"}],"wp:attachment":[{"href":"https:\/\/convest-immobilier.com\/djeouadi\/wp-json\/wp\/v2\/media?parent=69"}],"curies":[{"name":"wp","href":"https:\/\/api.w.org\/{rel}","templated":true}]}}